{"id":411,"date":"2018-02-27T09:15:44","date_gmt":"2018-02-27T09:15:44","guid":{"rendered":"https:\/\/www.campinglemaior.it\/?page_id=411"},"modified":"2025-12-30T11:09:11","modified_gmt":"2025-12-30T11:09:11","slug":"caravan","status":"publish","type":"page","link":"https:\/\/www.campinglemaior.it\/de\/campingplatz-gardasee\/caravan\/","title":{"rendered":"Caravan"},"content":{"rendered":"<p> Auf dem Campingplatz Le Maior k\u00f6nnen auch diejenigen, die keinen Wohnwagen besitzen, das Abenteuer eines Urlaubs in einem Miet Caravan mit allem, was man zum wohnen und kochen braucht, mit Veranda, erleben.<\/p>\n<p>Wir bitten 1 Mietcaravan mit Veranda mit der M\u00f6glichkeit, bis zu 6-7 Personen unterzubringen.<\/p>\n<hr>\n<p><!--\n\n\n<div class=\"panel panel-success\">\n  \n\n<div class=\"panel-heading\">\n    \n\n<h3 class=\"panel-title\">Caravan \"PIZZINI\"<\/h3>\n\n\n  <\/div>\n\n\n  \n\n<div class=\"panel-body\">\n    \n\n<div class=\"row\">\n      \n\n<div class=\"col-md-4\">\n        \n\n<div style=\"margin:10% auto;\">\n\n\n<ul>\n\n\n<li>4 Schlafpl\u00e4tze mit Kissen<\/li>\n\n\n\n\n<li>Veranda<\/li>\n\n\n\n\n<li>K\u00fchlschrank<\/li>\n\n\n\n\n<li>Kochbereich<\/li>\n\n\n\n\n<li>Geschirr, Besteck, Gl\u00e4ser<\/li>\n\n\n\n\n<li>Au\u00dfenbereich mit Tisch und St\u00fchlen<\/li>\n\n\n<\/ul>\n\n   <\/div>\n\n\n      <\/div>\n\n\n     \n\n<div class=\"col-md-8\"><a href=\"https:\/\/www.campinglemaior.it\/de\/?page_id=1380\"><img fetchpriority=\"high\" decoding=\"async\" src=\"https:\/\/www.campinglemaior.it\/wp-content\/uploads\/2024\/04\/roulotte-arredata-in-affitto-campeggio-lago-di-garda-le-maior-caravan-pizzini-2401.jpg\n\" alt=\"Mietcaravan mit Verandaveranda &quot;Pizzini&quot;\" width=\"1200\" height=\"800\" class=\"img-responsive\" \/><\/a>\n     <\/div>\n\n\n    <\/div>\n\n\n<\/div>\n\n\n  \n\n<div class=\"panel-footer\" style=\"text-align:center;\"><a class=\"btn btn-success btn-lg\" href=\"https:\/\/www.campinglemaior.it\/de\/?page_id=1380\" role=\"button\">Mietcaravan \"Pizzini\"<\/a>\n  <\/div>\n\n\n<\/div>\n\n\n\n\n\n<hr>\n\n\n--><\/p>\n<div class=\"panel panel-success\">\n<div class=\"panel-heading\">\n<h3 class=\"panel-title\">Caravan &#8222;GATTI&#8220;<\/h3>\n<\/p><\/div>\n<div class=\"panel-body\">\n<div class=\"row\">\n<div class=\"col-md-4\">\n<div style=\"margin:10% auto;\">\n<ul>\n<li>6 Schlafpl\u00e4tze mit Kissen<\/li>\n<li>Veranda<\/li>\n<li>K\u00fchlschrank<\/li>\n<li>Kochbereich<\/li>\n<li>Geschirr, Besteck, Gl\u00e4ser<\/li>\n<li>Au\u00dfenbereich mit Tisch und St\u00fchlen<\/li>\n<li>Seeblick<\/li>\n<\/ul><\/div><\/div>\n<div class=\"col-md-8\"><a href=\"https:\/\/www.campinglemaior.it\/de\/campingplatz-gardasee\/caravan\/mietcaravan-gatti\/\"><img decoding=\"async\" src=\"https:\/\/www.campinglemaior.it\/wp-content\/uploads\/2024\/04\/roulotte-arredata-in-affitto-gatti-campeggio-lagodigarda-le-maior-2412.jpg\" alt=\"Mietcaravan Gatti, f\u00fcr 2 bis 5 personen, Veranda,Seeblick\" width=\"1200\" height=\"800\" class=\"img-responsive\" \/><\/a>\n     <\/div><\/div>\n<\/div>\n<div class=\"panel-footer\" style=\"text-align:center;\"><a class=\"btn btn-success btn-lg\" href=\"https:\/\/www.campinglemaior.it\/de\/campingplatz-gardasee\/caravan\/mietcaravan-gatti\/\" role=\"button\">Mietcaravan &#8222;Gatti&#8220;<\/a>\n  <\/div>\n<\/div>\n","protected":false},"excerpt":{"rendered":"<p>Auf dem Campingplatz Le Maior k\u00f6nnen auch diejenigen, die keinen Wohnwagen besitzen, das Abenteuer eines Urlaubs in einem Miet Caravan mit allem, was man zum wohnen und kochen braucht, mit Veranda, erleben. Wir bitten 1 Mietcaravan mit Veranda mit der M\u00f6glichkeit, bis zu 6-7 Personen unterzubringen. Caravan &#8222;GATTI&#8220; 6 Schlafpl\u00e4tze mit Kissen Veranda K\u00fchlschrank Kochbereich Geschirr, Besteck, Gl\u00e4ser Au\u00dfenbereich mit Tisch und St\u00fchlen Seeblick Mietcaravan &#8222;Gatti&#8220;<\/p>\n","protected":false},"author":1,"featured_media":3183,"parent":464,"menu_order":1,"comment_status":"closed","ping_status":"closed","template":"","meta":{"ngg_post_thumbnail":0,"footnotes":""},"class_list":["post-411","page","type-page","status-publish","has-post-thumbnail","hentry","entry","post-inner"],"_links":{"self":[{"href":"https:\/\/www.campinglemaior.it\/de\/wp-json\/wp\/v2\/pages\/411","targetHints":{"allow":["GET"]}}],"collection":[{"href":"https:\/\/www.campinglemaior.it\/de\/wp-json\/wp\/v2\/pages"}],"about":[{"href":"https:\/\/www.campinglemaior.it\/de\/wp-json\/wp\/v2\/types\/page"}],"author":[{"embeddable":true,"href":"https:\/\/www.campinglemaior.it\/de\/wp-json\/wp\/v2\/users\/1"}],"replies":[{"embeddable":true,"href":"https:\/\/www.campinglemaior.it\/de\/wp-json\/wp\/v2\/comments?post=411"}],"version-history":[{"count":22,"href":"https:\/\/www.campinglemaior.it\/de\/wp-json\/wp\/v2\/pages\/411\/revisions"}],"predecessor-version":[{"id":1379,"href":"https:\/\/www.campinglemaior.it\/de\/wp-json\/wp\/v2\/pages\/411\/revisions\/1379"}],"up":[{"embeddable":true,"href":"https:\/\/www.campinglemaior.it\/de\/wp-json\/wp\/v2\/pages\/464"}],"wp:featuredmedia":[{"embeddable":true,"href":"https:\/\/www.campinglemaior.it\/de\/wp-json\/wp\/v2\/media\/3183"}],"wp:attachment":[{"href":"https:\/\/www.campinglemaior.it\/de\/wp-json\/wp\/v2\/media?parent=411"}],"curies":[{"name":"wp","href":"https:\/\/api.w.org\/{rel}","templated":true}]}}