{"id":398,"date":"2018-02-27T09:03:51","date_gmt":"2018-02-27T09:03:51","guid":{"rendered":"https:\/\/www.campinglemaior.it\/?page_id=398"},"modified":"2026-02-28T20:48:05","modified_gmt":"2026-02-28T20:48:05","slug":"kontakt","status":"publish","type":"page","link":"https:\/\/www.campinglemaior.it\/de\/kontakt\/","title":{"rendered":"Kontakt"},"content":{"rendered":"<div class=\"well\">Camping Le Maior<br \/>\nLuigina Foresti<br \/>\nTel.\/Fax 045-7430333<br \/>\n<span class=\"text-success\">Email: info@campinglemaior.it<\/span>\n<\/div>\n<hr>\n<div class=\"well\">\n<div class='fluentform ff-default fluentform_wrapper_5 ffs_default_wrap'><form data-form_id=\"5\" id=\"fluentform_5\" class=\"frm-fluent-form fluent_form_5 ff-el-form-top ff_form_instance_5_1 ff-form-loading ffs_default\" data-form_instance=\"ff_form_instance_5_1\" method=\"POST\" ><fieldset  style=\"border: none!important;margin: 0!important;padding: 0!important;background-color: transparent!important;box-shadow: none!important;outline: none!important; min-inline-size: 100%;\">\n                    <legend class=\"ff_screen_reader_title\" style=\"display: block; margin: 0!important;padding: 0!important;height: 0!important;text-indent: -999999px;width: 0!important;overflow:hidden;\">Richiesta DE<\/legend><input type='hidden' name='__fluent_form_embded_post_id' value='398' \/><input type=\"hidden\" id=\"_fluentform_5_fluentformnonce\" name=\"_fluentform_5_fluentformnonce\" value=\"1ebe2dfe3a\" \/><input type=\"hidden\" name=\"_wp_http_referer\" value=\"\/de\/wp-json\/wp\/v2\/pages\/398\" \/><div data-name=\"ff_cn_id_1\"  class='ff-t-container ff-column-container ff_columns_total_1 '><div class='ff-t-cell ff-t-column-1' style='flex-basis: 100%;'><div class='ff-el-group  ff-custom_html' tabindex='-1' data-name=\"custom_html-5_1\" ><p style=\"text-align: center;font-size: 1.1em\">Alle mit einem Sternchen ( <span style=\"color: red\">*<\/span> ) gekennzeichneten Felder sind Pflichtfelder.<\/p><\/div><\/div><\/div><div data-name=\"ff_cn_id_2\"  class='ff-t-container ff-column-container ff_columns_total_2 '><div class='ff-t-cell ff-t-column-1' style='flex-basis: 50%;'><div class='ff-el-group'><div class=\"ff-el-input--label ff-el-is-required asterisk-right\"><label for='ff_5_first_name' id='label_ff_5_first_name' >Vorname<\/label><\/div><div class='ff-el-input--content'><input type=\"text\" name=\"first_name\" class=\"ff-el-form-control\" id=\"ff_5_first_name\" data-name=\"first_name\"  aria-invalid=\"false\" aria-required=true><\/div><\/div><\/div><div class='ff-t-cell ff-t-column-2' style='flex-basis: 50%;'><div class='ff-el-group'><div class=\"ff-el-input--label ff-el-is-required asterisk-right\"><label for='ff_5_last_name' id='label_ff_5_last_name' >Name<\/label><\/div><div class='ff-el-input--content'><input type=\"text\" name=\"last_name\" class=\"ff-el-form-control\" id=\"ff_5_last_name\" data-name=\"last_name\"  aria-invalid=\"false\" aria-required=true><\/div><\/div><\/div><\/div><div data-name=\"ff_cn_id_3\"  class='ff-t-container ff-column-container ff_columns_total_2 '><div class='ff-t-cell ff-t-column-1' style='flex-basis: 50%;'><div class='ff-el-group'><div class=\"ff-el-input--label ff-el-is-required asterisk-right\"><label for='ff_5_numeric_field' id='label_ff_5_numeric_field' aria-label=\"Phone\">Phone<\/label><\/div><div class='ff-el-input--content'><input type=\"number\" name=\"numeric_field\" id=\"ff_5_numeric_field\" class=\"ff-el-form-control\" data-name=\"numeric_field\" inputmode=\"numeric\" step=\"any\"  aria-invalid=\"false\" aria-required=true><\/div><\/div><\/div><div class='ff-t-cell ff-t-column-2' style='flex-basis: 50%;'><\/div><\/div><div data-name=\"ff_cn_id_4\"  class='ff-t-container ff-column-container ff_columns_total_2 '><div class='ff-t-cell ff-t-column-1' style='flex-basis: 50%;'><div class='ff-el-group'><div class=\"ff-el-input--label ff-el-is-required asterisk-right\"><label for='ff_5_email_address' id='label_ff_5_email_address' aria-label=\"Email Address\">Email Address<\/label><\/div><div class='ff-el-input--content'><input type=\"email\" name=\"email_address\" class=\"ff-el-form-control\" id=\"ff_5_email_address\" data-name=\"email_address\"  aria-invalid=\"false\" aria-required=true><\/div><\/div><\/div><div class='ff-t-cell ff-t-column-2' style='flex-basis: 50%;'><\/div><\/div><div data-name=\"ff_cn_id_5\"  class='ff-t-container ff-column-container ff_columns_total_2 '><div class='ff-t-cell ff-t-column-1' style='flex-basis: 50%;'><div class='ff-el-group'><div class=\"ff-el-input--label ff-el-is-required asterisk-right\"><label for='ff_5_check_in_date' id='label_ff_5_check_in_date' aria-label=\"Anreisetag\">Anreisetag<\/label><\/div><div class='ff-el-input--content'><input  aria-label='Anreisetag Use arrow keys to navigate dates. Press enter to select a date.'  aria-haspopup='dialog' data-type-datepicker data-format='d\/m\/Y' name=\"check_in_date\" type=\"text\" class=\"ff-el-form-control ff-el-datepicker\" id=\"ff_5_check_in_date\" data-name=\"check_in_date\"  aria-invalid='false' aria-required=true><\/div><\/div><\/div><div class='ff-t-cell ff-t-column-2' style='flex-basis: 50%;'><div class='ff-el-group'><div class=\"ff-el-input--label ff-el-is-required asterisk-right\"><label for='ff_5_check_out_date' id='label_ff_5_check_out_date' aria-label=\"Abreisetag\">Abreisetag<\/label><\/div><div class='ff-el-input--content'><input  aria-label='Abreisetag Use arrow keys to navigate dates. Press enter to select a date.'  aria-haspopup='dialog' data-type-datepicker data-format='d\/m\/Y' name=\"check_out_date\" type=\"text\" class=\"ff-el-form-control ff-el-datepicker\" id=\"ff_5_check_out_date\" data-name=\"check_out_date\"  aria-invalid='false' aria-required=true><\/div><\/div><\/div><\/div><div data-name=\"ff_cn_id_6\"  class='ff-t-container ff-column-container ff_columns_total_2 '><div class='ff-t-cell ff-t-column-1' style='flex-basis: 50%;'><div class='ff-el-group'><div class=\"ff-el-input--label ff-el-is-required asterisk-right\"><label for='ff_5_number_of_adults' id='label_ff_5_number_of_adults' aria-label=\"Erwachsene\">Erwachsene<\/label><\/div><div class='ff-el-input--content'><input type=\"number\" name=\"number_of_adults\" value=\"2\" id=\"ff_5_number_of_adults\" class=\"ff-el-form-control\" data-name=\"number_of_adults\" inputmode=\"numeric\" step=\"1\" min=\"1\" aria-valuemin=\"1\"  aria-invalid=\"false\" aria-required=true><\/div><\/div><\/div><div class='ff-t-cell ff-t-column-2' style='flex-basis: 50%;'><div class='ff-el-group'><div class=\"ff-el-input--label asterisk-right\"><label for='ff_5_number_of_children' id='label_ff_5_number_of_children' aria-label=\"Kinder\">Kinder<\/label><\/div><div class='ff-el-input--content'><input type=\"number\" name=\"number_of_children\" value=\"0\" id=\"ff_5_number_of_children\" class=\"ff-el-form-control\" data-name=\"number_of_children\" inputmode=\"numeric\" step=\"1\" min=\"0\" aria-valuemin=\"0\"  aria-invalid=\"false\" aria-required=false><\/div><\/div><\/div><\/div><div class='ff-el-group'><div class=\"ff-el-input--label ff-el-is-required asterisk-right\"><label for='' id='label_' aria-label=\"Ich habe interesse auf:\">Ich habe interesse auf:<\/label><\/div><div class='ff-el-input--content'><div class='ff-el-form-check'><label class='ff-el-form-check-label' for='sono_interessato_a_eb7aa6efebe2b2f7bcb9ecb5e80236a0'><input  name=\"sono_interessato_a[]\" class=\"ff-el-form-check-input ff-el-form-check-checkbox\" type=\"checkbox\" data-name=\"sono_interessato_a\" value=\"Stellplatz\" data-calc_value=\"Piazzola\"  id='sono_interessato_a_eb7aa6efebe2b2f7bcb9ecb5e80236a0' aria-label='Stellplatz' aria-invalid='false' aria-required=true> <span>Stellplatz<\/span><\/label><\/div><div class='ff-el-form-check'><label class='ff-el-form-check-label' for='sono_interessato_a_40e71c94f03885df7cf6262bc84b4768'><input  name=\"sono_interessato_a[]\" class=\"ff-el-form-check-input ff-el-form-check-checkbox\" type=\"checkbox\" data-name=\"sono_interessato_a\" value=\"Caravan\" data-calc_value=\"Caravan in affitto\"  id='sono_interessato_a_40e71c94f03885df7cf6262bc84b4768' aria-label='Caravan' aria-invalid='false' aria-required=true> <span>Caravan<\/span><\/label><\/div><div class='ff-el-form-check'><label class='ff-el-form-check-label' for='sono_interessato_a_bf81ca8b3c4377bbfa03989afe7bfc15'><input  name=\"sono_interessato_a[]\" class=\"ff-el-form-check-input ff-el-form-check-checkbox\" type=\"checkbox\" data-name=\"sono_interessato_a\" value=\"Mobilheim\" data-calc_value=\"Bungalow\"  id='sono_interessato_a_bf81ca8b3c4377bbfa03989afe7bfc15' aria-label='Mobilheim' aria-invalid='false' aria-required=true> <span>Mobilheim<\/span><\/label><\/div><\/div><\/div><div class='ff-el-group has-conditions'><div class=\"ff-el-input--label ff-el-is-required asterisk-right\"><label for='' id='label_' aria-label=\"Ich komme mit\">Ich komme mit<\/label><\/div><div class='ff-el-input--content'><div class='ff-el-form-check'><label class='ff-el-form-check-label' for='arrivo_con_575a1fb31ef42d96246ab8b18f00be7c'><input  name=\"arrivo_con[]\" class=\"ff-el-form-check-input ff-el-form-check-checkbox\" type=\"checkbox\" data-name=\"arrivo_con\" value=\"Zelt\" data-calc_value=\"Tenda\"  id='arrivo_con_575a1fb31ef42d96246ab8b18f00be7c' aria-label='Zelt' aria-invalid='false' aria-required=true> <span>Zelt<\/span><\/label><\/div><div class='ff-el-form-check'><label class='ff-el-form-check-label' for='arrivo_con_055a8bcd92d54f59fcc8f84bda8e60fd'><input  name=\"arrivo_con[]\" class=\"ff-el-form-check-input ff-el-form-check-checkbox\" type=\"checkbox\" data-name=\"arrivo_con\" value=\"opt1788977\" data-calc_value=\"Camper\"  id='arrivo_con_055a8bcd92d54f59fcc8f84bda8e60fd' aria-label='Camper' aria-invalid='false' aria-required=true> <span>Camper<\/span><\/label><\/div><div class='ff-el-form-check'><label class='ff-el-form-check-label' for='arrivo_con_86d186a2722fa1e3d5dcda3ea43bee70'><input  name=\"arrivo_con[]\" class=\"ff-el-form-check-input ff-el-form-check-checkbox\" type=\"checkbox\" data-name=\"arrivo_con\" value=\"opt1236720\" data-calc_value=\"Roulotte\/Caravan\"  id='arrivo_con_86d186a2722fa1e3d5dcda3ea43bee70' aria-label='Roulotte\/Caravan' aria-invalid='false' aria-required=true> <span>Roulotte\/Caravan<\/span><\/label><\/div><\/div><\/div><div class='ff-el-group  ff-custom_html has-conditions' tabindex='-1' data-name=\"custom_html-5_2\" ><div style=\"padding-bottom: 20px;color: red\">Bitte geben Sie die gew\u00fcnschten Ma\u00dfe ein. <br \/>Nicht alle unsere Stellpl\u00e4tze sind gleich gro\u00df. <br \/>Da wir die Gr\u00f6\u00dfe kennen, wird unser Angebot pr\u00e4zise und angemessen sein, um Ihren pers\u00f6nlichen Bed\u00fcrfnissen gerecht zu werden.<\/div><\/div><div data-name=\"ff_cn_id_7\"  class='ff-t-container ff-column-container ff_columns_total_2 '><div class='ff-t-cell ff-t-column-1' style='flex-basis: 50%;'><div class='ff-el-group has-conditions'><div class=\"ff-el-input--label ff-el-is-required asterisk-right\"><label for='ff_5_tenda_lunghezza_metri' id='label_ff_5_tenda_lunghezza_metri' aria-label=\"Zelt L\u00e4nge Meter\">Zelt L\u00e4nge Meter<\/label><\/div><div class='ff-el-input--content'><input type=\"number\" name=\"tenda_lunghezza_metri\" id=\"ff_5_tenda_lunghezza_metri\" class=\"ff-el-form-control\" data-name=\"tenda_lunghezza_metri\" inputmode=\"numeric\" step=\"0.1\"  aria-invalid=\"false\" aria-required=true><\/div><\/div><\/div><div class='ff-t-cell ff-t-column-2' style='flex-basis: 50%;'><div class='ff-el-group has-conditions'><div class=\"ff-el-input--label ff-el-is-required asterisk-right\"><label for='ff_5_tenda_larghezza_metri' id='label_ff_5_tenda_larghezza_metri' aria-label=\"Zelt Breite Meter\">Zelt Breite Meter<\/label><\/div><div class='ff-el-input--content'><input type=\"number\" name=\"tenda_larghezza_metri\" id=\"ff_5_tenda_larghezza_metri\" class=\"ff-el-form-control\" data-name=\"tenda_larghezza_metri\" inputmode=\"numeric\" step=\"0.1\"  aria-invalid=\"false\" aria-required=true><\/div><\/div><\/div><\/div><div data-name=\"ff_cn_id_8\"  class='ff-t-container ff-column-container ff_columns_total_2 '><div class='ff-t-cell ff-t-column-1' style='flex-basis: 50%;'><div class='ff-el-group has-conditions'><div class=\"ff-el-input--label ff-el-is-required asterisk-right\"><label for='ff_5_camper_lungh_metri' id='label_ff_5_camper_lungh_metri' aria-label=\"Camper L\u00e4nge Meter\">Camper L\u00e4nge Meter<\/label><\/div><div class='ff-el-input--content'><input type=\"number\" name=\"camper_lungh_metri\" id=\"ff_5_camper_lungh_metri\" class=\"ff-el-form-control\" data-name=\"camper_lungh_metri\" inputmode=\"numeric\" step=\"0.1\"  aria-invalid=\"false\" aria-required=true><\/div><\/div><\/div><div class='ff-t-cell ff-t-column-2' style='flex-basis: 50%;'><div class='ff-el-group has-conditions'><div class=\"ff-el-input--label ff-el-is-required asterisk-right\"><label for='ff_5_camper_altezza_metri' id='label_ff_5_camper_altezza_metri' aria-label=\"Camper H\u00f6he Meter\">Camper H\u00f6he Meter<\/label><\/div><div class='ff-el-input--content'><input type=\"number\" name=\"camper_altezza_metri\" id=\"ff_5_camper_altezza_metri\" class=\"ff-el-form-control\" data-name=\"camper_altezza_metri\" inputmode=\"numeric\" step=\"0.1\"  aria-invalid=\"false\" aria-required=true><\/div><\/div><\/div><\/div><div data-name=\"ff_cn_id_9\"  class='ff-t-container ff-column-container ff_columns_total_2 '><div class='ff-t-cell ff-t-column-1' style='flex-basis: 49.9%;'><div class='ff-el-group has-conditions'><div class=\"ff-el-input--label ff-el-is-required asterisk-right\"><label for='ff_5_roulotte_lungh_metri' id='label_ff_5_roulotte_lungh_metri' aria-label=\"Caravan L\u00e4nge Meter (Ruder inklusive)\">Caravan L\u00e4nge Meter (Ruder inklusive)<\/label><div class=\"ff-el-tooltip\" data-content=\"RUDER INKLUSIVE\"><svg width=\"16\" height=\"16\" viewBox=\"0 0 25 25\"><path d=\"m329 393l0-46c0-2-1-4-2-6-2-2-4-3-7-3l-27 0 0-146c0-3-1-5-3-7-2-1-4-2-7-2l-91 0c-3 0-5 1-7 2-1 2-2 4-2 7l0 46c0 2 1 5 2 6 2 2 4 3 7 3l27 0 0 91-27 0c-3 0-5 1-7 3-1 2-2 4-2 6l0 46c0 3 1 5 2 7 2 1 4 2 7 2l128 0c3 0 5-1 7-2 1-2 2-4 2-7z m-36-256l0-46c0-2-1-4-3-6-2-2-4-3-7-3l-54 0c-3 0-5 1-7 3-2 2-3 4-3 6l0 46c0 3 1 5 3 7 2 1 4 2 7 2l54 0c3 0 5-1 7-2 2-2 3-4 3-7z m182 119c0 40-9 77-29 110-20 34-46 60-80 80-33 20-70 29-110 29-40 0-77-9-110-29-34-20-60-46-80-80-20-33-29-70-29-110 0-40 9-77 29-110 20-34 46-60 80-80 33-20 70-29 110-29 40 0 77 9 110 29 34 20 60 46 80 80 20 33 29 70 29 110z\" transform=\"scale(0.046875 0.046875)\"><\/path><\/svg><\/div><\/div><div class='ff-el-input--content'><input type=\"number\" name=\"roulotte_lungh_metri\" id=\"ff_5_roulotte_lungh_metri\" class=\"ff-el-form-control\" data-name=\"roulotte_lungh_metri\" inputmode=\"numeric\" step=\"0.1\"  aria-invalid=\"false\" aria-required=true><\/div><\/div><\/div><div class='ff-t-cell ff-t-column-2' style='flex-basis: 50.1%;'><div class='ff-el-group has-conditions'><div class=\"ff-el-input--label ff-el-is-required asterisk-right\"><label for='ff_5_roulotte_largh_metri' id='label_ff_5_roulotte_largh_metri' aria-label=\"Caravan Breite Meter\">Caravan Breite Meter<\/label><\/div><div class='ff-el-input--content'><input type=\"number\" name=\"roulotte_largh_metri\" id=\"ff_5_roulotte_largh_metri\" class=\"ff-el-form-control\" data-name=\"roulotte_largh_metri\" inputmode=\"numeric\" step=\"0.1\"  aria-invalid=\"false\" aria-required=true><\/div><\/div><\/div><\/div><div class='ff-el-group'><div class=\"ff-el-input--label asterisk-right\"><label for='ff_5_comments' id='label_ff_5_comments' aria-label=\"Nachricht\">Nachricht<\/label><\/div><div class='ff-el-input--content'><textarea aria-required=\"false\" aria-labelledby=\"label_ff_5_comments\" name=\"comments\" class=\"ff-el-form-control\" id=\"ff_5_comments\" rows=\"4\" cols=\"2\" data-name=\"comments\" ><\/textarea><\/div><\/div><div class='ff-el-group ff-text-left ff_submit_btn_wrapper'><button type=\"submit\" class=\"ff-btn ff-btn-submit ff-btn-md ff_btn_style\"  aria-label=\"SENDEN\">SENDEN<\/button><\/div><\/fieldset><\/form><div id='fluentform_5_errors' class='ff-errors-in-stack ff_form_instance_5_1 ff-form-loading_errors ff_form_instance_5_1_errors'><\/div><\/div>            <script type=\"text\/javascript\">\n                window.fluent_form_ff_form_instance_5_1 = {\"id\":\"5\",\"settings\":{\"layout\":{\"labelPlacement\":\"top\",\"asteriskPlacement\":\"asterisk-right\",\"helpMessagePlacement\":\"with_label\",\"errorMessagePlacement\":\"inline\",\"cssClassName\":\"\"},\"restrictions\":{\"denyEmptySubmission\":{\"enabled\":false}}},\"form_instance\":\"ff_form_instance_5_1\",\"form_id_selector\":\"fluentform_5\",\"rules\":{\"first_name\":{\"required\":{\"value\":true,\"message\":\"This field is required\",\"global\":false,\"global_message\":\"This field is required\"}},\"last_name\":{\"required\":{\"value\":true,\"message\":\"This field is required\",\"global\":false,\"global_message\":\"This field is required\"}},\"numeric_field\":{\"required\":{\"value\":true,\"message\":\"Dieses Feld ist erforderlich\",\"global_message\":\"This field is required\",\"global\":true},\"numeric\":{\"value\":true,\"message\":\"Dieses Feld muss einen numerischen Wert enthalten\",\"global_message\":\"This field must contain numeric value\",\"global\":true},\"min\":{\"value\":\"\",\"message\":\"Validierung des Mindestwerts schl\\u00e4gt fehl\",\"global_message\":\"Validation fails for minimum value\",\"global\":true},\"max\":{\"value\":\"\",\"message\":\"Validierung schl\\u00e4gt bei Maximalwert fehl\",\"global_message\":\"Validation fails for maximum value\",\"global\":true},\"digits\":{\"value\":\"\",\"message\":\"Validierung schl\\u00e4gt bei begrenzten Ziffern fehl\",\"global_message\":\"Validation fails for limited digits\",\"global\":true}},\"email_address\":{\"required\":{\"value\":true,\"message\":\"This field is required\",\"global\":false,\"global_message\":\"This field is required\"},\"email\":{\"value\":1,\"message\":\"This field must contain a valid email\",\"global\":false,\"global_message\":\"This field must contain a valid email\"}},\"check_in_date\":{\"required\":{\"value\":true,\"message\":\"This field is required\",\"global\":false,\"global_message\":\"This field is required\"}},\"check_out_date\":{\"required\":{\"value\":true,\"message\":\"This field is required\",\"global\":false,\"global_message\":\"This field is required\"}},\"number_of_adults\":{\"required\":{\"value\":true,\"message\":\"This field is required\",\"global\":false,\"global_message\":\"This field is required\"},\"numeric\":{\"value\":true,\"message\":\"This field must contain numeric value\",\"global\":false,\"global_message\":\"This field must contain numeric value\"},\"min\":{\"value\":1,\"message\":\"Minimum value is 1\",\"global\":false,\"global_message\":\"Validation fails for minimum value\"},\"max\":{\"value\":\"\",\"message\":\"Maximum value is \",\"global\":false,\"global_message\":\"Validation fails for maximum value\"}},\"number_of_children\":{\"required\":{\"value\":false,\"message\":\"This field is required\",\"global\":false,\"global_message\":\"This field is required\"},\"numeric\":{\"value\":true,\"message\":\"This field must contain numeric value\",\"global\":false,\"global_message\":\"This field must contain numeric value\"},\"min\":{\"value\":0,\"message\":\"Minimum value is 0\",\"global\":false,\"global_message\":\"Validation fails for minimum value\"},\"max\":{\"value\":\"\",\"message\":\"Maximum value is \",\"global\":false,\"global_message\":\"Validation fails for maximum value\"}},\"sono_interessato_a\":{\"required\":{\"value\":true,\"message\":\"This field is required\",\"global\":false,\"global_message\":\"This field is required\"}},\"arrivo_con\":{\"required\":{\"value\":true,\"message\":\"This field is required\",\"global\":false,\"global_message\":\"This field is required\"}},\"tenda_lunghezza_metri\":{\"required\":{\"value\":true,\"message\":\"This field is required\",\"global\":false,\"global_message\":\"This field is required\"},\"numeric\":{\"value\":true,\"message\":\"This field must contain numeric value\",\"global\":false,\"global_message\":\"This field must contain numeric value\"},\"min\":{\"value\":\"\",\"message\":\"Minimum value is \",\"global\":false,\"global_message\":\"Validation fails for minimum value\"},\"max\":{\"value\":\"\",\"message\":\"Maximum value is \",\"global\":false,\"global_message\":\"Validation fails for maximum value\"}},\"tenda_larghezza_metri\":{\"required\":{\"value\":true,\"message\":\"This field is required\",\"global\":false,\"global_message\":\"This field is required\"},\"numeric\":{\"value\":true,\"message\":\"This field must contain numeric value\",\"global\":false,\"global_message\":\"This field must contain numeric value\"},\"min\":{\"value\":\"\",\"message\":\"Minimum value is \",\"global\":false,\"global_message\":\"Validation fails for minimum value\"},\"max\":{\"value\":\"\",\"message\":\"Maximum value is \",\"global\":false,\"global_message\":\"Validation fails for maximum value\"}},\"camper_lungh_metri\":{\"required\":{\"value\":true,\"message\":\"This field is required\",\"global\":false,\"global_message\":\"This field is required\"},\"numeric\":{\"value\":true,\"message\":\"This field must contain numeric value\",\"global\":false,\"global_message\":\"This field must contain numeric value\"},\"min\":{\"value\":\"\",\"message\":\"Minimum value is \",\"global\":false,\"global_message\":\"Validation fails for minimum value\"},\"max\":{\"value\":\"\",\"message\":\"Maximum value is \",\"global\":false,\"global_message\":\"Validation fails for maximum value\"}},\"camper_altezza_metri\":{\"required\":{\"value\":true,\"message\":\"This field is required\",\"global\":false,\"global_message\":\"This field is required\"},\"numeric\":{\"value\":true,\"message\":\"This field must contain numeric value\",\"global\":false,\"global_message\":\"This field must contain numeric value\"},\"min\":{\"value\":\"\",\"message\":\"Minimum value is \",\"global\":false,\"global_message\":\"Validation fails for minimum value\"},\"max\":{\"value\":\"\",\"message\":\"Maximum value is \",\"global\":false,\"global_message\":\"Validation fails for maximum value\"}},\"roulotte_lungh_metri\":{\"required\":{\"value\":true,\"message\":\"This field is required\",\"global\":false,\"global_message\":\"This field is required\"},\"numeric\":{\"value\":true,\"message\":\"This field must contain numeric value\",\"global\":false,\"global_message\":\"This field must contain numeric value\"},\"min\":{\"value\":\"\",\"message\":\"Minimum value is \",\"global\":false,\"global_message\":\"Validation fails for minimum value\"},\"max\":{\"value\":\"\",\"message\":\"Maximum value is \",\"global\":false,\"global_message\":\"Validation fails for maximum value\"}},\"roulotte_largh_metri\":{\"required\":{\"value\":true,\"message\":\"This field is required\",\"global\":false,\"global_message\":\"This field is required\"},\"numeric\":{\"value\":true,\"message\":\"This field must contain numeric value\",\"global\":false,\"global_message\":\"This field must contain numeric value\"},\"min\":{\"value\":\"\",\"message\":\"Minimum value is \",\"global\":false,\"global_message\":\"Validation fails for minimum value\"},\"max\":{\"value\":\"\",\"message\":\"Maximum value is \",\"global\":false,\"global_message\":\"Validation fails for maximum value\"}},\"comments\":{\"required\":{\"value\":false,\"message\":\"This field is required\",\"global\":false,\"global_message\":\"This field is required\"}}},\"debounce_time\":300,\"conditionals\":{\"arrivo_con\":{\"type\":\"any\",\"status\":true,\"conditions\":[{\"field\":\"sono_interessato_a\",\"value\":\"Stellplatz\",\"operator\":\"=\"}],\"condition_groups\":[{\"rules\":[{\"field\":\"\",\"value\":\"\",\"operator\":\"\"}],\"title\":\"\",\"isEditingTitle\":false,\"isPreviewOpen\":false,\"isGroupOpen\":true}]},\"custom_html-5_2\":{\"type\":\"any\",\"status\":true,\"conditions\":[{\"field\":\"arrivo_con\",\"value\":\"Zelt\",\"operator\":\"=\"},{\"field\":\"arrivo_con\",\"value\":\"opt1788977\",\"operator\":\"=\"},{\"field\":\"arrivo_con\",\"value\":\"opt1236720\",\"operator\":\"=\"}],\"condition_groups\":[{\"rules\":[{\"field\":\"\",\"value\":\"\",\"operator\":\"\"}],\"title\":\"\",\"isEditingTitle\":false,\"isPreviewOpen\":false,\"isGroupOpen\":true}]},\"tenda_lunghezza_metri\":{\"type\":\"any\",\"status\":true,\"conditions\":[{\"field\":\"arrivo_con\",\"value\":\"Zelt\",\"operator\":\"=\"}],\"condition_groups\":[{\"rules\":[{\"field\":\"\",\"value\":\"\",\"operator\":\"\"}],\"title\":\"\",\"isEditingTitle\":false,\"isPreviewOpen\":false,\"isGroupOpen\":true}]},\"tenda_larghezza_metri\":{\"type\":\"any\",\"status\":true,\"conditions\":[{\"field\":\"arrivo_con\",\"value\":\"Zelt\",\"operator\":\"=\"}],\"condition_groups\":[{\"rules\":[{\"field\":\"\",\"value\":\"\",\"operator\":\"\"}],\"title\":\"\",\"isEditingTitle\":false,\"isPreviewOpen\":false,\"isGroupOpen\":true}]},\"camper_lungh_metri\":{\"type\":\"any\",\"status\":true,\"conditions\":[{\"field\":\"arrivo_con\",\"value\":\"opt1788977\",\"operator\":\"=\"}],\"condition_groups\":[{\"rules\":[{\"field\":\"\",\"value\":\"\",\"operator\":\"\"}],\"title\":\"\",\"isEditingTitle\":false,\"isPreviewOpen\":false,\"isGroupOpen\":true}]},\"camper_altezza_metri\":{\"type\":\"any\",\"status\":true,\"conditions\":[{\"field\":\"arrivo_con\",\"value\":\"opt1788977\",\"operator\":\"=\"}],\"condition_groups\":[{\"rules\":[{\"field\":\"\",\"value\":\"\",\"operator\":\"\"}],\"title\":\"\",\"isEditingTitle\":false,\"isPreviewOpen\":false,\"isGroupOpen\":true}]},\"roulotte_lungh_metri\":{\"type\":\"any\",\"status\":true,\"conditions\":[{\"field\":\"arrivo_con\",\"value\":\"opt1236720\",\"operator\":\"=\"}],\"condition_groups\":[{\"rules\":[{\"field\":\"\",\"value\":\"\",\"operator\":\"\"}],\"title\":\"\",\"isEditingTitle\":false,\"isPreviewOpen\":false,\"isGroupOpen\":true}]},\"roulotte_largh_metri\":{\"type\":\"any\",\"status\":true,\"conditions\":[{\"field\":\"arrivo_con\",\"value\":\"opt1236720\",\"operator\":\"=\"}],\"condition_groups\":[{\"rules\":[{\"field\":\"\",\"value\":\"\",\"operator\":\"\"}],\"title\":\"\",\"isEditingTitle\":false,\"isPreviewOpen\":false,\"isGroupOpen\":true}]}}};\n                            <\/script>\n            \n<\/div>\n","protected":false},"excerpt":{"rendered":"<p>Camping Le Maior Luigina Foresti Tel.\/Fax 045-7430333 Email: info@campinglemaior.it<\/p>\n","protected":false},"author":1,"featured_media":3189,"parent":0,"menu_order":2,"comment_status":"closed","ping_status":"closed","template":"","meta":{"ngg_post_thumbnail":0,"footnotes":""},"class_list":["post-398","page","type-page","status-publish","has-post-thumbnail","hentry","entry","post-inner"],"_links":{"self":[{"href":"https:\/\/www.campinglemaior.it\/de\/wp-json\/wp\/v2\/pages\/398","targetHints":{"allow":["GET"]}}],"collection":[{"href":"https:\/\/www.campinglemaior.it\/de\/wp-json\/wp\/v2\/pages"}],"about":[{"href":"https:\/\/www.campinglemaior.it\/de\/wp-json\/wp\/v2\/types\/page"}],"author":[{"embeddable":true,"href":"https:\/\/www.campinglemaior.it\/de\/wp-json\/wp\/v2\/users\/1"}],"replies":[{"embeddable":true,"href":"https:\/\/www.campinglemaior.it\/de\/wp-json\/wp\/v2\/comments?post=398"}],"version-history":[{"count":9,"href":"https:\/\/www.campinglemaior.it\/de\/wp-json\/wp\/v2\/pages\/398\/revisions"}],"predecessor-version":[{"id":4395,"href":"https:\/\/www.campinglemaior.it\/de\/wp-json\/wp\/v2\/pages\/398\/revisions\/4395"}],"wp:featuredmedia":[{"embeddable":true,"href":"https:\/\/www.campinglemaior.it\/de\/wp-json\/wp\/v2\/media\/3189"}],"wp:attachment":[{"href":"https:\/\/www.campinglemaior.it\/de\/wp-json\/wp\/v2\/media?parent=398"}],"curies":[{"name":"wp","href":"https:\/\/api.w.org\/{rel}","templated":true}]}}