{"id":391,"date":"2018-02-27T08:55:58","date_gmt":"2018-02-27T08:55:58","guid":{"rendered":"https:\/\/www.campinglemaior.it\/?page_id=391"},"modified":"2025-07-15T20:29:03","modified_gmt":"2025-07-15T20:29:03","slug":"stellplatz","status":"publish","type":"page","link":"https:\/\/www.campinglemaior.it\/de\/campingplatz-gardasee\/stellplatz\/","title":{"rendered":"Stellplatz"},"content":{"rendered":"<p><!--\n\nDer Campingplatz befindet sich 200m vom See entfernt. Die Zeltplatze bieten einen wundersch\u00f6nen Ausblick und jahrhundertealte Olivenb\u00e4ume, die Ruhe und Entspannung vermitteln, spenden wohltuenden Schatten. Der Campingplatz ist in Richtung Westen ausgerichtet. So k\u00f6nnen Sie jeden Abend von Ihren Terrassen unvergessliche Sonnenunterg\u00e4nge bewundern.\n\n--><\/p>\n<hr>\n<h3>Galleria<\/h3>\nngg_shortcode_0_placeholder\n<hr>\n<div class=\"well\">\n<h3>Preise<\/h3>\n<table class=\"tabprezzi\">\n<caption>STELLPLATZ &#8211; PREISE <p><strong>2026<\/strong><\/p>\n<\/caption>\n<tbody>\n<tr>\n<td>&nbsp;<\/td>\n<p><!--\n\n<td><strong>[includedcontentbyshortcode slug=bassa-stagione]<\/strong><\/td>\n\n--><\/p>\n<td><strong><p>11\/04 &#8211; 21\/06<br \/>\n22\/09 &#8211; 05\/10<\/p>\n<\/strong><\/td>\n<td><strong><p>22\/06 &#8211; 21\/09<\/p>\n<\/strong><\/td>\n<\/tr>\n<tr>\n<td>STELLPLATZ<br \/>\nAuto + Zelt oder Caravan, Wohnmobile<\/td>\n<td>\u20ac 15,00<\/td>\n<td>\u20ac 18,00<\/td>\n\n<\/tr>\n<tr>\n<td>ERWACHSENE<\/td>\n<td>\u20ac 12,50<\/td>\n<td>\u20ac 14,00<\/td>\n\n<\/tr>\n<tr>\n<td>KINDER (1-5 J.)<\/td>\n<td>\u20ac 6,00<\/td>\n<td>\u20ac 7,50<\/td>\n\n<\/tr>\n<tr>\n<td>KINDER (0-1 J.)<\/td>\n<td colspan=\"3\">\nGratis\n<\/td>\n<\/tr>\n<tr>\n<td>2. AUTO oder ANH\u00c4NGER<\/td>\n<td>\u20ac 9,00<\/td>\n<td>\u20ac 9,00<\/td>\n\n<\/tr>\n<tr>\n<td>2. ZELT AUF DEM STELLPLATZ<\/td>\n<td>\u20ac 5,00<\/td>\n<td>\u20ac 9,00<\/td>\n\n<\/tr>\n<\/tbody>\n<\/table>\n<p><strong>IM PREIS INBEGRIFFEN<\/strong><br \/>\n&#8211; Die Preise verstehen sich einschliesslich aller Serviceleistungen des Campingplatzes, MwSt., Warmwasser fuer Duschen und Waschbecken 24 Stunden am Tag.<br \/>\n&#8211; Freie Benuetzung unseres Grill<br \/>\n&#8211; WLan im Rezeptionsbereich kostenlos<\/p>\n<p><strong>NICHT IM PREIS INBEGRIFFEN<\/strong><br \/>\n&#8211; Elektrischer Stromanschluss auf Wunsch (Leistung 6A): <td>\u20ac 3,00<\/td>\n pro Tag<br \/>\n&#8211; Hund: <td>\u20ac 5,00<\/td>\n pro Tag<br \/>\n&#8211; Kurtaxe \u20ac <td>1,50<\/td>\n pro Tag pro Person, Kinder bis 12 Jahren alt kostenlos<\/p>\n<p><strong>ANKUNFT<\/strong><br \/>\n&#8211; Stellpl\u00e4tze: verf\u00fcgbar ab 12:00 Uhr am Anreisetag<br \/>\n&#8211; Bungalows und Wohnwagen: verf\u00fcgbar ab 16:00 Uhr am Anreisetag<br \/>\n<em>**BITTE BEACHTEN: Bitte informieren Sie uns, wenn Sie nach 19:00 Uhr ankommen.<\/em><\/p>\n<p><strong>ABREISE<\/strong><br \/>\n&#8211; Abreisezeit Stellpl\u00e4tze: bis 12:00 Uhr am Tag der Abreise<br \/>\n&#8211; Abreisezeit Bungalows und Wohnwagen: bis 10.00 Uhr am Tag der Abreise<br \/>\n<em>**BITTE BEACHTEN: Bei versp\u00e4teter Abreise wird eine zus\u00e4tzliche Nacht berechnet.<\/em><\/p>\n<p><strong>Die Reservierung wird mit einer Anzahlung von <td>\u20ac 100,00<\/td>\n akzeptiert.<\/strong><\/p>\n<div><a class=\"btn btn-success btn-lg btn-block\" role=\"button\" href=\"https:\/\/www.campinglemaior.it\/de\/kontakt\/\">Anfrage<\/a><\/div>\n<\/div>\n","protected":false},"excerpt":{"rendered":"<p>Galleria Preise STELLPLATZ &#8211; PREISE &nbsp; STELLPLATZ Auto + Zelt oder Caravan, Wohnmobile ERWACHSENE KINDER (1-5 J.) KINDER (0-1 J.) Gratis 2. AUTO oder ANH\u00c4NGER 2. ZELT AUF DEM STELLPLATZ IM PREIS INBEGRIFFEN &#8211; Die Preise verstehen sich einschliesslich aller Serviceleistungen des Campingplatzes, MwSt., Warmwasser fuer Duschen und Waschbecken 24 Stunden am Tag. &#8211; Freie Benuetzung unseres Grill &#8211; WLan im Rezeptionsbereich kostenlos NICHT IM PREIS INBEGRIFFEN &#8211; Elektrischer Stromanschluss auf Wunsch (Leistung 6A): pro Tag &#8211; Hund: pro Tag &#8211; Kurtaxe \u20ac pro Tag pro Person, Kinder bis 12 Jahren alt kostenlos ANKUNFT &#8211; Stellpl\u00e4tze: verf\u00fcgbar ab 12:00 Uhr am Anreisetag &#8211; Bungalows und Wohnwagen: verf\u00fcgbar ab 16:00 Uhr am Anreisetag **BITTE BEACHTEN: Bitte informieren Sie uns, wenn Sie nach 19:00 Uhr ankommen. ABREISE &#8211; Abreisezeit Stellpl\u00e4tze: bis 12:00 Uhr am Tag der Abreise &#8211; Abreisezeit Bungalows und Wohnwagen: bis 10.00 Uhr am Tag der Abreise **BITTE BEACHTEN: Bei versp\u00e4teter Abreise wird eine zus\u00e4tzliche Nacht berechnet. Die Reservierung wird mit einer Anzahlung von akzeptiert. Anfrage<\/p>\n","protected":false},"author":1,"featured_media":3897,"parent":464,"menu_order":0,"comment_status":"closed","ping_status":"closed","template":"","meta":{"ngg_post_thumbnail":0,"footnotes":""},"class_list":["post-391","page","type-page","status-publish","has-post-thumbnail","hentry","entry","post-inner"],"_links":{"self":[{"href":"https:\/\/www.campinglemaior.it\/de\/wp-json\/wp\/v2\/pages\/391","targetHints":{"allow":["GET"]}}],"collection":[{"href":"https:\/\/www.campinglemaior.it\/de\/wp-json\/wp\/v2\/pages"}],"about":[{"href":"https:\/\/www.campinglemaior.it\/de\/wp-json\/wp\/v2\/types\/page"}],"author":[{"embeddable":true,"href":"https:\/\/www.campinglemaior.it\/de\/wp-json\/wp\/v2\/users\/1"}],"replies":[{"embeddable":true,"href":"https:\/\/www.campinglemaior.it\/de\/wp-json\/wp\/v2\/comments?post=391"}],"version-history":[{"count":19,"href":"https:\/\/www.campinglemaior.it\/de\/wp-json\/wp\/v2\/pages\/391\/revisions"}],"predecessor-version":[{"id":408,"href":"https:\/\/www.campinglemaior.it\/de\/wp-json\/wp\/v2\/pages\/391\/revisions\/408"}],"up":[{"embeddable":true,"href":"https:\/\/www.campinglemaior.it\/de\/wp-json\/wp\/v2\/pages\/464"}],"wp:featuredmedia":[{"embeddable":true,"href":"https:\/\/www.campinglemaior.it\/de\/wp-json\/wp\/v2\/media\/3897"}],"wp:attachment":[{"href":"https:\/\/www.campinglemaior.it\/de\/wp-json\/wp\/v2\/media?parent=391"}],"curies":[{"name":"wp","href":"https:\/\/api.w.org\/{rel}","templated":true}]}}