{"id":2792,"date":"2024-03-06T10:21:52","date_gmt":"2024-03-06T10:21:52","guid":{"rendered":"https:\/\/www.campinglemaior.it\/?page_id=2792"},"modified":"2024-04-26T11:43:42","modified_gmt":"2024-04-26T11:43:42","slug":"peler-4","status":"publish","type":"page","link":"https:\/\/www.campinglemaior.it\/de\/campingplatz-gardasee\/mobilheim-gardasee\/peler-4\/","title":{"rendered":"Peler 4"},"content":{"rendered":"<div class=\"well\">\n<h3>WOHNBEREICH<\/h3>\n<table class=\"tabfeatures\">\n<tbody><!--\n\n\n<tr>\n\n\n<td width=\"40%\"><strong>Wohnfl\u00e4cke QM:<\/strong><\/td>\n\n\n\n\n<td width=\"60%\">00 ca.<\/td>\n\n\n<\/tr>\n\n\n--><\/p>\n<tr>\n<td width=\"40%\"><strong>Belegung standard:<\/strong><\/td>\n<td width=\"60%\">5 Personen<\/td>\n<\/tr>\n<tr>\n<td><strong>Belegung max.:<\/strong><\/td>\n<td>7 Personen<\/td>\n<\/tr>\n<\/tbody>\n<\/table>\n<h3>R\u00c4UME<\/h3>\n<table class=\"tabfeatures\">\n<tbody>\n<tr>\n<td valign=\"top\" width=\"40%\"><strong>Wohn-Kochbereich:<\/strong><\/td>\n<td width=\"60%\">Tisch mit St\u00fchlen<br \/>\nSchlafcouch (f\u00fcr 2 Personen)<br \/>\nSAT-TV<\/td>\n<\/tr>\n<tr>\n<td valign=\"top\"><strong>Kochbereich:<\/strong><\/td>\n<td>Gasherd (4 Platten)<br \/>\nBackofen<br \/>\nMikrowelle<br \/>\ngro\u00dfer K\u00fchlschrank mit Gefrierfach<br \/>\ndeutsche Kaffeemaschine<br \/>\nGeschirr und Kochgeschirr<\/td>\n<\/tr>\n<tr>\n<td valign=\"top\"><strong>Schlafzimmer:<\/strong><\/td>\n<td>1 x Doppelbett<br \/>\nSchrank<\/td>\n<\/tr>\n<tr>\n<td valign=\"top\"><strong>Schlafzimmer:<\/strong><\/td>\n<td>1 x Etagenbett<br \/>\n1 x Einzelbett<br \/>\nKleine Schrank<\/td>\n<\/tr>\n<tr>\n<td valign=\"top\"><strong>Badezimmer:<\/strong><\/td>\n<td>Dusche<br \/>\nWc<br \/>\nWaschbecken<\/td>\n<\/tr>\n<tr>\n<td valign=\"top\"><strong>Veranda:<\/strong><\/td>\n<td>Tisch<br \/>\nSt\u00fchle<\/td>\n<\/tr>\n<\/tbody>\n<\/table>\n<\/div>\n<hr>\n<div class=\"well\">\n<table class=\"tabprezzi\">\n<caption>MOBILHEIM &#8222;PELER&#8220; &#8211; PREISE <p><strong>2026<\/strong><\/p>\n<\/caption>\n<tbody>\n<tr>\n<td>&nbsp;<\/td>\n<p><!--\n\n<td><strong>[includedcontentbyshortcode slug=bassa-stagione]<\/strong><\/td>\n\n--><\/p>\n<td><strong><p>11\/04 &#8211; 21\/06<br \/>\n22\/09 &#8211; 05\/10<\/p>\n<\/strong><\/td>\n<td><strong><p>22\/06 &#8211; 21\/09<\/p>\n<\/strong><\/td>\n<\/tr>\n<tr>\n<td>2 PERSONEN<\/td>\n<td>\u20ac 122,00<\/td>\n<td>\u20ac 137,00<\/td>\n\n<\/tr>\n<tr>\n<td>3 PERSONEN<\/td>\n<td>\u20ac 152,00<\/td>\n<td>\u20ac 175,00<\/td>\n\n<\/tr>\n<tr>\n<td>4 PERSONEN<\/td>\n<td>\u20ac 180,00<\/td>\n<td>\u20ac 207,00<\/td>\n\n<\/tr>\n<tr>\n<td>5 PERSONEN<\/td>\n<td>\u20ac 200,00<\/td>\n<td>\u20ac 230,00<\/td>\n\n<\/tr>\n<tr>\n<td>6 PERSONEN<\/td>\n<td>\u20ac 212,00<\/td>\n<td>\u20ac 245,00<\/td>\n\n<\/tr>\n<tr>\n<td>7 PERSONEN<\/td>\n<td>\u20ac 232,00<\/td>\n<td>\u20ac 265,00<\/td>\n\n<\/tr>\n<\/tbody>\n<\/table>\n<p><strong>Mobilheim Peler Austattung:<\/strong><br \/>\n&#8211; Wohnraum (Gasherd mit 4 Feuer und Backoffen, K\u00fchlschrank, Geschirr und Kochtoppfe, Schlaffsofa fuer 2 Personen, Tisch mit 4 St\u00fchle)<br \/>\n&#8211; Schlafzimmer (Doppelbett)<br \/>\n&#8211; Schlafzimmer (Einzelbett, Etagenbett x 2 Personen)<br \/>\n&#8211; Bad (Du\/Wc, Waschbecken)<br \/>\n&#8211; Terrasse (4 x 3m, bedeckt mit Seeblick, Tisch mit 6 St\u00fchle)<\/p>\n<p><!-- Da qui inserire testo incluso e non incluso nel prezzo --><\/p>\n<p><strong>IM PREIS INBEGRIFFEN<\/strong><br \/>\n&#8211; Bettw\u00e4sche<br \/>\n&#8211; Parkplatz fuer 1 Auto neben dem Bungalow<br \/>\n&#8211; Freie Ben\u00fctzung unseres Grill<br \/>\n&#8211; Sat-Tv<br \/>\n&#8211; WLan im Rezeptionsbereich kostenlos<\/p>\n<p><strong>NICHT IM PREIS INBEGRIFFEN<\/strong><br \/>\n\u2013 Endreinigung (obligatorisch): \u20ac50,00 f\u00fcr zwei Personen, f\u00fcr jede weitere Person \u20ac8,00.<br \/>\n&#8211; Handt\u00fccher nach Anfrage: \u20ac 5,00 a persona<br \/>\n&#8211; Bettw\u00e4schewechsel: \u20ac 5,00 a persona<br \/>\n&#8211; Heizung u. Klimaanlage: <td>\u20ac 3,00<\/td>\n nacht<br \/>\n&#8211; Kinder: bis zu 1 Jahr frei, \u00fcber 1 Jahr Normaltarif<br \/>\n&#8211; Hund: \u20ac 10,00 pro Tag + \u20ac 8,00 Endreinigung<br \/>\n&#8211; Kurtaxe: \u20ac 1,50 pro Tag pro Person, Kinder bis 12 Jahren alt kostenlos<\/p>\n<p><strong>ANKUNFT<\/strong><br \/>\n&#8211; Stellpl\u00e4tze: verf\u00fcgbar ab 12:00 Uhr am Anreisetag<br \/>\n&#8211; Bungalows und Wohnwagen: verf\u00fcgbar ab 16:00 Uhr am Anreisetag<br \/>\n<em>**BITTE BEACHTEN: Bitte informieren Sie uns, wenn Sie nach 19:00 Uhr ankommen.<\/em><\/p>\n<p><strong>ABREISE<\/strong><br \/>\n&#8211; Abreisezeit Stellpl\u00e4tze: bis 12:00 Uhr am Tag der Abreise<br \/>\n&#8211; Abreisezeit Bungalows und Wohnwagen: bis 10.00 Uhr am Tag der Abreise<br \/>\n<em>**BITTE BEACHTEN: Bei versp\u00e4teter Abreise wird eine zus\u00e4tzliche Nacht berechnet.<\/em><\/p>\n<p><strong>Die Reservierung wird mit einer Anzahlung von \u20ac 250,00 akzeptiert.<\/strong><\/p>\n\n<\/div>\n<h3>Gallerie<\/h3>\nngg_shortcode_0_placeholder\n<hr>\n<p><a class=\"btn btn-success btn-lg btn-block\" role=\"button\" href=\"https:\/\/www.campinglemaior.it\/de\/kontakt\/\">Anfrage<\/a><\/p>\n","protected":false},"excerpt":{"rendered":"<p>WOHNBEREICH Belegung standard: 5 Personen Belegung max.: 7 Personen R\u00c4UME Wohn-Kochbereich: Tisch mit St\u00fchlen Schlafcouch (f\u00fcr 2 Personen) SAT-TV Kochbereich: Gasherd (4 Platten) Backofen Mikrowelle gro\u00dfer K\u00fchlschrank mit Gefrierfach deutsche Kaffeemaschine Geschirr und Kochgeschirr Schlafzimmer: 1 x Doppelbett Schrank Schlafzimmer: 1 x Etagenbett 1 x Einzelbett Kleine Schrank Badezimmer: Dusche Wc Waschbecken Veranda: Tisch St\u00fchle MOBILHEIM &#8222;PELER&#8220; &#8211; PREISE &nbsp; 2 PERSONEN 3 PERSONEN 4 PERSONEN 5 PERSONEN 6 PERSONEN 7 PERSONEN Mobilheim Peler Austattung: &#8211; Wohnraum (Gasherd mit 4 Feuer und Backoffen, K\u00fchlschrank, Geschirr und Kochtoppfe, Schlaffsofa fuer 2 Personen, Tisch mit 4 St\u00fchle) &#8211; Schlafzimmer (Doppelbett) &#8211; Schlafzimmer (Einzelbett, Etagenbett x 2 Personen) &#8211; Bad (Du\/Wc, Waschbecken) &#8211; Terrasse (4 x 3m, bedeckt mit Seeblick, Tisch mit 6 St\u00fchle) Gallerie Anfrage<\/p>\n","protected":false},"author":1,"featured_media":3113,"parent":418,"menu_order":4,"comment_status":"closed","ping_status":"closed","template":"","meta":{"ngg_post_thumbnail":0,"footnotes":""},"class_list":["post-2792","page","type-page","status-publish","has-post-thumbnail","hentry","entry","post-inner"],"_links":{"self":[{"href":"https:\/\/www.campinglemaior.it\/de\/wp-json\/wp\/v2\/pages\/2792","targetHints":{"allow":["GET"]}}],"collection":[{"href":"https:\/\/www.campinglemaior.it\/de\/wp-json\/wp\/v2\/pages"}],"about":[{"href":"https:\/\/www.campinglemaior.it\/de\/wp-json\/wp\/v2\/types\/page"}],"author":[{"embeddable":true,"href":"https:\/\/www.campinglemaior.it\/de\/wp-json\/wp\/v2\/users\/1"}],"replies":[{"embeddable":true,"href":"https:\/\/www.campinglemaior.it\/de\/wp-json\/wp\/v2\/comments?post=2792"}],"version-history":[{"count":2,"href":"https:\/\/www.campinglemaior.it\/de\/wp-json\/wp\/v2\/pages\/2792\/revisions"}],"predecessor-version":[{"id":3116,"href":"https:\/\/www.campinglemaior.it\/de\/wp-json\/wp\/v2\/pages\/2792\/revisions\/3116"}],"up":[{"embeddable":true,"href":"https:\/\/www.campinglemaior.it\/de\/wp-json\/wp\/v2\/pages\/418"}],"wp:featuredmedia":[{"embeddable":true,"href":"https:\/\/www.campinglemaior.it\/de\/wp-json\/wp\/v2\/media\/3113"}],"wp:attachment":[{"href":"https:\/\/www.campinglemaior.it\/de\/wp-json\/wp\/v2\/media?parent=2792"}],"curies":[{"name":"wp","href":"https:\/\/api.w.org\/{rel}","templated":true}]}}