{"id":1391,"date":"2020-02-05T21:25:09","date_gmt":"2020-02-05T21:25:09","guid":{"rendered":"https:\/\/www.campinglemaior.it\/?page_id=1391"},"modified":"2026-01-15T16:01:17","modified_gmt":"2026-01-15T16:01:17","slug":"mietcaravan-gatti","status":"publish","type":"page","link":"https:\/\/www.campinglemaior.it\/de\/campingplatz-gardasee\/caravan\/mietcaravan-gatti\/","title":{"rendered":"Mietcaravan Gatti"},"content":{"rendered":"<p>Der Mietcaravan &#8222;Gatti&#8220; besteht aus einem Wohnwagen mit 6 Betten, einer Veranda mit einem Zusatzbett und ausgestattet mit Tisch, Kochnische, K\u00fchlschrank, T\u00f6pfen und Pfannen, und einem zus\u00e4tzlichen Platz im Freien mit Tisch und St\u00fchlen. Es wird vermietet mit einschlie\u00dflich:<\/p>\n<ul>\n<li>6 Schlafpl\u00e4tze mit Kissen<\/li>\n<li>Veranda<\/li>\n<li>K\u00fchlschrank<\/li>\n<li>Kochbereich<\/li>\n<li>Geschirr, Besteck, Gl\u00e4ser<\/li>\n<li>Au\u00dfenbereich mit Tisch und St\u00fchlen<\/li>\n<\/ul>\n<h3>Galleria<\/h3>\nngg_shortcode_0_placeholder\n<hr>\n<div class=\"well\">\n<table class=\"tabprezzi\">\n<caption>WOHNWAGEN GATTI &#8211; PREISE <p><strong>2026<\/strong><\/p>\n<\/caption>\n<tbody>\n<tr>\n<td>&nbsp;<\/td>\n<p><!--\n\n<td><strong>[includedcontentbyshortcode slug=bassa-stagione]<\/strong><\/td>\n\n--><\/p>\n<td><strong><p>11\/04 &#8211; 21\/06<br \/>\n22\/09 &#8211; 05\/10<\/p>\n<\/strong><\/td>\n<td><strong><p>22\/06 &#8211; 21\/09<\/p>\n<\/strong><\/td>\n<\/tr>\n<tr>\n<td>WOHNWAGEN F\u00dcR 2 PERSONEN<\/td>\n<td>\u20ac 75,00<\/td>\n<td>\u20ac 85,00<\/td>\n\n<\/tr>\n<tr>\n<td>WOHNWAGEN F\u00dcR 3 PERSONEN<\/td>\n<td>\u20ac 100,00<\/td>\n<td>\u20ac 120,00<\/td>\n\n<\/tr>\n<tr>\n<td>WOHNWAGEN F\u00dcR 4 PERSONEN<\/td>\n<td>\u20ac 125,00<\/td>\n<td>\u20ac 145,00<\/td>\n\n<\/tr>\n<tr>\n<td>WOHNWAGEN F\u00dcR 5 PERSONEN<\/td>\n<td>\u20ac 140,00<\/td>\n<td>\u20ac 160,00<\/td>\n\n<\/tr>\n<tr>\n<td>WOHNWAGEN F\u00dcR 6 PERSONEN<\/td>\n<td>\u20ac 160,00<\/td>\n<td>\u20ac 180,00<\/td>\n\n<\/tr>\n<\/tbody>\n<\/table>\n<p><strong>IM PREIS INBEGRIFFEN<\/strong><\/p>\n<p>\u2013 Im Preis inbegriffen sind die entsprechenden Personen pro Wohnwagen, ein Auto, elektrischer Anschluss, Sanit\u00e4ranlagen mit warmen Wasser.<br \/>\n\u2013 Freie Benuetzung unseres Grill<br \/>\n\u2013 WLan im Rezeptionsbereich kostenlos.<\/p>\n<p><strong>NICHT IM PREIS INBEGRIFFEN<\/strong><\/p>\n<p>\u2013 Endreinigung (obligatorisch): \u20ac30,00 f\u00fcr zwei Personen, f\u00fcr jede weitere Person \u20ac5,00.<br \/>\n\u2013 Hund: <td>\u20ac 5,00<\/td>\n pro Tag + <td>\u20ac 5,00<\/td>\n Endreinigung.<br \/>\n\u2013 Kurtaxe \u20ac <td>1,50<\/td>\n pro Tag pro Person, Kinder bis 12 Jahren alt kostenlos<\/p>\n<p>Unsere Wohnwagen haben ein Vorzelt und eine Terrasse. Sie sind ausgestattet mit K\u00fchlschrank, Gasherd und Geschirr. Kissen sind vorhanden. Bettw\u00e4sche und Handt\u00fccher sind NICHT vorhanden.<\/p>\n<p><strong>ANKUNFT<\/strong><br \/>\n&#8211; Stellpl\u00e4tze: verf\u00fcgbar ab 12:00 Uhr am Anreisetag<br \/>\n&#8211; Bungalows und Wohnwagen: verf\u00fcgbar ab 16:00 Uhr am Anreisetag<br \/>\n<em>**BITTE BEACHTEN: Bitte informieren Sie uns, wenn Sie nach 19:00 Uhr ankommen.<\/em><\/p>\n<p><strong>ABREISE<\/strong><br \/>\n&#8211; Abreisezeit Stellpl\u00e4tze: bis 12:00 Uhr am Tag der Abreise<br \/>\n&#8211; Abreisezeit Bungalows und Wohnwagen: bis 10.00 Uhr am Tag der Abreise<br \/>\n<em>**BITTE BEACHTEN: Bei versp\u00e4teter Abreise wird eine zus\u00e4tzliche Nacht berechnet.<\/em><\/p>\n<p><strong>Die Reservierung wird mit einer Anzahlung von \u20ac 150,00 akzeptiert.<\/strong><\/p>\n\n<\/div>\n<p><a class=\"btn btn-success btn-lg btn-block\" role=\"button\" href=\"https:\/\/www.campinglemaior.it\/de\/kontakt\/\">Anfrage<\/a><\/p>\n","protected":false},"excerpt":{"rendered":"<p>Der Mietcaravan &#8222;Gatti&#8220; besteht aus einem Wohnwagen mit 6 Betten, einer Veranda mit einem Zusatzbett und ausgestattet mit Tisch, Kochnische, K\u00fchlschrank, T\u00f6pfen und Pfannen, und einem zus\u00e4tzlichen Platz im Freien mit Tisch und St\u00fchlen. Es wird vermietet mit einschlie\u00dflich: 6 Schlafpl\u00e4tze mit Kissen Veranda K\u00fchlschrank Kochbereich Geschirr, Besteck, Gl\u00e4ser Au\u00dfenbereich mit Tisch und St\u00fchlen Galleria WOHNWAGEN GATTI &#8211; PREISE &nbsp; WOHNWAGEN F\u00dcR 2 PERSONEN WOHNWAGEN F\u00dcR 3 PERSONEN WOHNWAGEN F\u00dcR 4 PERSONEN WOHNWAGEN F\u00dcR 5 PERSONEN WOHNWAGEN F\u00dcR 6 PERSONEN Anfrage<\/p>\n","protected":false},"author":1,"featured_media":4244,"parent":411,"menu_order":4,"comment_status":"closed","ping_status":"closed","template":"","meta":{"ngg_post_thumbnail":0,"footnotes":""},"class_list":["post-1391","page","type-page","status-publish","has-post-thumbnail","hentry","entry","post-inner"],"_links":{"self":[{"href":"https:\/\/www.campinglemaior.it\/de\/wp-json\/wp\/v2\/pages\/1391","targetHints":{"allow":["GET"]}}],"collection":[{"href":"https:\/\/www.campinglemaior.it\/de\/wp-json\/wp\/v2\/pages"}],"about":[{"href":"https:\/\/www.campinglemaior.it\/de\/wp-json\/wp\/v2\/types\/page"}],"author":[{"embeddable":true,"href":"https:\/\/www.campinglemaior.it\/de\/wp-json\/wp\/v2\/users\/1"}],"replies":[{"embeddable":true,"href":"https:\/\/www.campinglemaior.it\/de\/wp-json\/wp\/v2\/comments?post=1391"}],"version-history":[{"count":20,"href":"https:\/\/www.campinglemaior.it\/de\/wp-json\/wp\/v2\/pages\/1391\/revisions"}],"predecessor-version":[{"id":4376,"href":"https:\/\/www.campinglemaior.it\/de\/wp-json\/wp\/v2\/pages\/1391\/revisions\/4376"}],"up":[{"embeddable":true,"href":"https:\/\/www.campinglemaior.it\/de\/wp-json\/wp\/v2\/pages\/411"}],"wp:featuredmedia":[{"embeddable":true,"href":"https:\/\/www.campinglemaior.it\/de\/wp-json\/wp\/v2\/media\/4244"}],"wp:attachment":[{"href":"https:\/\/www.campinglemaior.it\/de\/wp-json\/wp\/v2\/media?parent=1391"}],"curies":[{"name":"wp","href":"https:\/\/api.w.org\/{rel}","templated":true}]}}